{"id":64,"date":"2016-05-19T12:58:20","date_gmt":"2016-05-19T10:58:20","guid":{"rendered":"http:\/\/conradhamelspiel.de\/blog\/?page_id=64"},"modified":"2020-05-16T13:39:48","modified_gmt":"2020-05-16T11:39:48","slug":"flying-bullets","status":"publish","type":"page","link":"http:\/\/conradhamelspiel.de\/blog\/spiele\/flying-bullets\/","title":{"rendered":"Flying Bullets"},"content":{"rendered":"<p><em>September 1876 \u2013 Wir befinden uns kurz nach der Schlacht am Little Bighorn in den Black Hills in South Dakota. Gerade wurde die kleine Goldgr\u00e4berstadt, die den Wegzug der meisten Bewohner nach Deadwood \u00fcberlebt hat, von Stonewall in Custer umbenannt. Der Sheriff hat sich auf den Weg gemacht mit den Lakota zu verhandeln, was einige verbliebene \u201eGoldsucher\u201c dazu veranlasst, ihren Reichtum zu mehren, auch wenn der Goldrausch in den Black Hills vor\u00fcber ist. Und daher fliegen hier die Patronen.<\/em><\/p>\n<p>Jeder der bis zu 4 Spieler startet mit einer kleinen Bande, die das kleine St\u00e4dtchen Custer unsicher machen. H\u00e4user werden durchsucht, um bessere Pferde, mehr Patronen, neue Leute aber nat\u00fcrlich auch Gold zu finden. Selbstverst\u00e4ndlich wird auch das ein oder andere Fl\u00e4schchen Whisky mitgenommen, wenn es schon mal da ist. Die erbeuteten Sachen wollen verteidigt werden, bis der Sheriff von seinem Ausflug zur\u00fcckkommt. Dann legt sich das Patronengewitter, als w\u00e4re nie etwas gewesen, nur das sich die Besitzverh\u00e4ltnisse einiger Gegenst\u00e4nde wohlm\u00f6glich ge\u00e4ndert haben k\u00f6nnten. Aber das muss der Sheriff ja nicht wissen.<\/p>\n<p>Eine Besonderheit des Spiels ist, dass hier M\u00fcnzen als W\u00fcrfel eingesetzt werden.<\/p>\n<h6>Flying Bulletts ist ein Spiel f\u00fcr 2-4 Spieler und besteht aus:<\/h6>\n<ul>\n<li>1 Spielanleitung<\/li>\n<li>1 Spielplan mit einer Vogelperspektive der Stadt<\/li>\n<li>44 Bandenmitglieder (Standees)<\/li>\n<li>42 Standf\u00fc\u00dfe<\/li>\n<li>1 Sheriff (Pferd)<\/li>\n<li>60 Patronen<\/li>\n<li>50 Lebens-\/Schadensmarker (1,5&#215;1,5cm)<\/li>\n<li>120 Karten, davon sind\n<ul>\n<li>6 \u00dcbersichtskarten<\/li>\n<li>70 Pferdekarten (54 Pferde, 16 \u201eleerer Stall\u201c Karten)<\/li>\n<li>44 Personenkarten (mit Revolverr\u00fcckseite)<\/li>\n<\/ul>\n<\/li>\n<li>100 Pl\u00e4ttchen (3,5&#215;3,5cm), davon sind\n<ul>\n<li>25 Spezialpl\u00e4ttchen<\/li>\n<li>50 Geb\u00e4udepl\u00e4ttchen<\/li>\n<li>25 F\u00e4sserpl\u00e4ttchen<\/li>\n<\/ul>\n<\/li>\n<li>4 M\u00fcnzen (Metall)<\/li>\n<li>4 Tunnelpl\u00e4ttchen in 2 Farben (1,5&#215;1,5cm)<\/li>\n<li>4 St\u00e4lle in unterschiedlichen Farben<\/li>\n<\/ul>\n<p>Eine Erweiterung, mit der das Spiel bis zu sechst gespielt werden kann ist auch in Planung. Darin befinden sich unter anderem 3 weitere St\u00e4lle f\u00fcr weitere Clans.<\/p>\n","protected":false},"excerpt":{"rendered":"<p>September 1876 \u2013 Wir befinden uns kurz nach der Schlacht am Little Bighorn in den Black Hills in South Dakota. Gerade wurde die kleine Goldgr\u00e4berstadt, die den Wegzug der meisten Bewohner nach Deadwood \u00fcberlebt hat, von Stonewall in Custer umbenannt. Der Sheriff hat sich auf den Weg gemacht mit den <span class=\"excerpt-dots\">&hellip;<\/span> <a class=\"more-link\" href=\"http:\/\/conradhamelspiel.de\/blog\/spiele\/flying-bullets\/\"><span class=\"more-msg\">Weiterlesen &rarr;<\/span><\/a><\/p>\n","protected":false},"author":1,"featured_media":0,"parent":30,"menu_order":0,"comment_status":"closed","ping_status":"closed","template":"","meta":{"spay_email":""},"_links":{"self":[{"href":"http:\/\/conradhamelspiel.de\/blog\/wp-json\/wp\/v2\/pages\/64"}],"collection":[{"href":"http:\/\/conradhamelspiel.de\/blog\/wp-json\/wp\/v2\/pages"}],"about":[{"href":"http:\/\/conradhamelspiel.de\/blog\/wp-json\/wp\/v2\/types\/page"}],"author":[{"embeddable":true,"href":"http:\/\/conradhamelspiel.de\/blog\/wp-json\/wp\/v2\/users\/1"}],"replies":[{"embeddable":true,"href":"http:\/\/conradhamelspiel.de\/blog\/wp-json\/wp\/v2\/comments?post=64"}],"version-history":[{"count":7,"href":"http:\/\/conradhamelspiel.de\/blog\/wp-json\/wp\/v2\/pages\/64\/revisions"}],"predecessor-version":[{"id":224,"href":"http:\/\/conradhamelspiel.de\/blog\/wp-json\/wp\/v2\/pages\/64\/revisions\/224"}],"up":[{"embeddable":true,"href":"http:\/\/conradhamelspiel.de\/blog\/wp-json\/wp\/v2\/pages\/30"}],"wp:attachment":[{"href":"http:\/\/conradhamelspiel.de\/blog\/wp-json\/wp\/v2\/media?parent=64"}],"curies":[{"name":"wp","href":"https:\/\/api.w.org\/{rel}","templated":true}]}}