{"id":213,"date":"2019-09-25T20:03:59","date_gmt":"2019-09-25T18:03:59","guid":{"rendered":"http:\/\/conradhamelspiel.de\/blog\/?page_id=213"},"modified":"2019-09-25T20:03:59","modified_gmt":"2019-09-25T18:03:59","slug":"turn-of-glory","status":"publish","type":"page","link":"http:\/\/conradhamelspiel.de\/blog\/spiele\/turn-of-glory\/","title":{"rendered":"Turn of Glory"},"content":{"rendered":"<p>Turn of Glory ist mein neuester Prototyp, der in der Entwicklung noch am wenigsten weit ist. So bin ich hier derzeit am Basteln um ihn erstmals spielen zu k\u00f6nnen.<\/p>\n<p>In Turn of Glory geht es darum, dass 2 bis 4 Helden \u00fcber eine (Hex-)Karte reisen, die aus mehreren Orten besteht. Jeder Ort ist dabei f\u00fcnfmal vorhanden. An jeder Art von Ort k\u00f6nnen bestimmte Aktionen gemacht und Kreaturen rekrutiert werden. Mittels Quests und K\u00e4mpfen m\u00fcssen Ruhm und Kristalle gesammelt werden. Sobald ein Held \u00fcber drei Kristalle einer Farbe verf\u00fcgt gilt es noch alle Orte dieser Farbe auf- oder zuzudecken um das Spiel zu gewinnen.<\/p>\n","protected":false},"excerpt":{"rendered":"<p>Turn of Glory ist mein neuester Prototyp, der in der Entwicklung noch am wenigsten weit ist. So bin ich hier derzeit am Basteln um ihn erstmals spielen zu k\u00f6nnen. In Turn of Glory geht es darum, dass 2 bis 4 Helden \u00fcber eine (Hex-)Karte reisen, die aus mehreren Orten besteht. <span class=\"excerpt-dots\">&hellip;<\/span> <a class=\"more-link\" href=\"http:\/\/conradhamelspiel.de\/blog\/spiele\/turn-of-glory\/\"><span class=\"more-msg\">Weiterlesen &rarr;<\/span><\/a><\/p>\n","protected":false},"author":1,"featured_media":0,"parent":30,"menu_order":0,"comment_status":"closed","ping_status":"closed","template":"","meta":{"spay_email":""},"_links":{"self":[{"href":"http:\/\/conradhamelspiel.de\/blog\/wp-json\/wp\/v2\/pages\/213"}],"collection":[{"href":"http:\/\/conradhamelspiel.de\/blog\/wp-json\/wp\/v2\/pages"}],"about":[{"href":"http:\/\/conradhamelspiel.de\/blog\/wp-json\/wp\/v2\/types\/page"}],"author":[{"embeddable":true,"href":"http:\/\/conradhamelspiel.de\/blog\/wp-json\/wp\/v2\/users\/1"}],"replies":[{"embeddable":true,"href":"http:\/\/conradhamelspiel.de\/blog\/wp-json\/wp\/v2\/comments?post=213"}],"version-history":[{"count":1,"href":"http:\/\/conradhamelspiel.de\/blog\/wp-json\/wp\/v2\/pages\/213\/revisions"}],"predecessor-version":[{"id":214,"href":"http:\/\/conradhamelspiel.de\/blog\/wp-json\/wp\/v2\/pages\/213\/revisions\/214"}],"up":[{"embeddable":true,"href":"http:\/\/conradhamelspiel.de\/blog\/wp-json\/wp\/v2\/pages\/30"}],"wp:attachment":[{"href":"http:\/\/conradhamelspiel.de\/blog\/wp-json\/wp\/v2\/media?parent=213"}],"curies":[{"name":"wp","href":"https:\/\/api.w.org\/{rel}","templated":true}]}}