{"id":172,"date":"2018-01-28T23:57:52","date_gmt":"2018-01-28T22:57:52","guid":{"rendered":"http:\/\/conradhamelspiel.de\/blog\/?page_id=172"},"modified":"2018-05-27T21:53:58","modified_gmt":"2018-05-27T19:53:58","slug":"pyramsides","status":"publish","type":"page","link":"http:\/\/conradhamelspiel.de\/blog\/spiele\/pyramsides\/","title":{"rendered":"PYRaMSiDeS"},"content":{"rendered":"<p>PYRaMSiDeS ist ein Sammel- und R\u00e4tselspiel, das in \u00c4gypten spielt. Es geht dabei darum, dass drei bis f\u00fcnf Expeditionen aufbrechen, um in einer Pyramide wertvolle Artefaktteile zu finden, die die Existenz der alten Pharaonen best\u00e4tigt. Dazu m\u00fcssen in der W\u00fcste Schriftrollen zum Entschl\u00fcsseln der Hieroglyphen, Schl\u00fcssel f\u00fcr den Eingang in die Pyramide und Oasen gefunden werden, die die Forscher mit Wasser zum \u00dcberleben und den seltenen Artefakten versorgen. Geht den Forschern das Wasser aus, kommen b\u00f6se Briefe aus London, die das Team an Reputation verlieren lassen. Die F\u00e4higkeiten Ausdauer, Geschick und Kraftver\u00e4ndern sich, wie die Einfluss gebenden Skarab\u00e4en von Runde zu Runde, um den Forschern das Leben zu erleichtern. Schlie\u00dflich gilt es nicht nur in der W\u00fcste zu \u00fcberleben, wo es neben gef\u00e4hrlichen W\u00fcstenr\u00e4ubern auch Fallen in der Pyramide gibt, sondern als erfolgreicher Expeditionsleiter mit gen\u00fcgend Beweisen zur\u00fcckzukehren, um Leiter des National Museums werden zu k\u00f6nnen.<\/p>\n<p>PYRaMSiDeS ist ein Spiel, das ich vor \u00fcber 10 Jahren unter dem Namen Ramses II entwickelt hatte und nun komplett \u00fcberarbeitet habe. Ein erster Prototyp ist gebastelt und ich werde nun mit den ersten Testspielen beginnen. Wer Interesse hat, darf sich gerne bei mir melden.<\/p>\n<p>Mitlerweile sind erste Testrunden gespielt und es hat sich schon einiges ge\u00e4ndert. Nicht nur dass die Pyramide seit einiger Zeit nur noch ein Stockwerk hat, hat sich nun die Grundmechanik mit dem Leveln der F\u00e4higkeiten stark ge\u00e4ndert. Nun bekommt man von Runde zu Runde W\u00fcrfel zugewiesen, die die F\u00e4higkeitswerte festlegen. Um dem W\u00fcrfelgl\u00fcck nicht ausgeliefert zu sein, k\u00f6nnen einige Werte abgesichert werden, au\u00dferdem sch\u00fctzen die Gehilfen vor allzuniedrigen W\u00fcrfeln. Aber auch die Oasen haben Zuwachs bekommen. Zum einen sind wertvolle Artefakte gefunden worden. Aber nun sind auch zwei Karawanen in der W\u00fcste unterwegs, die den Teams zum einen Helfen in dem sie sie transportieren, zum anderen hindern sie sie aber auch die Artefakte zu bergen und verkaufen. Aber fast nur \u00fcber diese ist an das so wichtige Gold zu kommen. Die Pyramide an sich hat nicht mehr so viel zur letzten Version ge\u00e4ndert, allerdings ist die Mumie nun etwas schw\u00e4cher, aber schneller unterwegs. Sie ist f\u00fcr die Forscherteams nun nicht mehr so gef\u00e4hrlich, wohl aber sind andere Forscherteams nun gef\u00e4hrlich und das Spiel wesentlich interaktiver. Die Forscherteams k\u00f6nnen sich nun bestehlen und um die &#8222;Entschl\u00fcsselung&#8220; der Hieroglyphen auf den Papyri konkurieren.<\/p>\n","protected":false},"excerpt":{"rendered":"<p>PYRaMSiDeS ist ein Sammel- und R\u00e4tselspiel, das in \u00c4gypten spielt. Es geht dabei darum, dass drei bis f\u00fcnf Expeditionen aufbrechen, um in einer Pyramide wertvolle Artefaktteile zu finden, die die Existenz der alten Pharaonen best\u00e4tigt. Dazu m\u00fcssen in der W\u00fcste Schriftrollen zum Entschl\u00fcsseln der Hieroglyphen, Schl\u00fcssel f\u00fcr den Eingang in <span class=\"excerpt-dots\">&hellip;<\/span> <a class=\"more-link\" href=\"http:\/\/conradhamelspiel.de\/blog\/spiele\/pyramsides\/\"><span class=\"more-msg\">Weiterlesen &rarr;<\/span><\/a><\/p>\n","protected":false},"author":1,"featured_media":0,"parent":30,"menu_order":0,"comment_status":"closed","ping_status":"closed","template":"","meta":{"spay_email":""},"_links":{"self":[{"href":"http:\/\/conradhamelspiel.de\/blog\/wp-json\/wp\/v2\/pages\/172"}],"collection":[{"href":"http:\/\/conradhamelspiel.de\/blog\/wp-json\/wp\/v2\/pages"}],"about":[{"href":"http:\/\/conradhamelspiel.de\/blog\/wp-json\/wp\/v2\/types\/page"}],"author":[{"embeddable":true,"href":"http:\/\/conradhamelspiel.de\/blog\/wp-json\/wp\/v2\/users\/1"}],"replies":[{"embeddable":true,"href":"http:\/\/conradhamelspiel.de\/blog\/wp-json\/wp\/v2\/comments?post=172"}],"version-history":[{"count":3,"href":"http:\/\/conradhamelspiel.de\/blog\/wp-json\/wp\/v2\/pages\/172\/revisions"}],"predecessor-version":[{"id":189,"href":"http:\/\/conradhamelspiel.de\/blog\/wp-json\/wp\/v2\/pages\/172\/revisions\/189"}],"up":[{"embeddable":true,"href":"http:\/\/conradhamelspiel.de\/blog\/wp-json\/wp\/v2\/pages\/30"}],"wp:attachment":[{"href":"http:\/\/conradhamelspiel.de\/blog\/wp-json\/wp\/v2\/media?parent=172"}],"curies":[{"name":"wp","href":"https:\/\/api.w.org\/{rel}","templated":true}]}}