{"id":157,"date":"2017-06-07T10:17:07","date_gmt":"2017-06-07T08:17:07","guid":{"rendered":"http:\/\/conradhamelspiel.de\/blog\/?page_id=157"},"modified":"2018-01-29T17:22:53","modified_gmt":"2018-01-29T16:22:53","slug":"lybry","status":"publish","type":"page","link":"http:\/\/conradhamelspiel.de\/blog\/spiele\/lybry\/","title":{"rendered":"Lybry"},"content":{"rendered":"<p>Lybry ist mein \u00e4ltester Prototyp. In dem Spiel f\u00fcr 2-4 Spieler geht es darum, mittels Aktionspunkteinsatz, Auftr\u00e4ge f\u00fcr B\u00fccher zu bekommen, diese zu Schreiben und zu Verkaufen.<\/p>\n<p>Jeder Jungautor l\u00e4uft dabei durch das kleine Dorf Wei\u00dfenfels und versucht in der Bar an einen Aushilfsjob f\u00fcr das n\u00f6tige Kleingeld zu kommen, im Warenhaus an bessere Schreibutensilien oder in der Bibliothek an die Auftr\u00e4ge. Dazu k\u00f6nnen Lektoren angeworben werden, in einer Werbeagentur das eigene Genre, sei es Fantasy, Krimi, Horror, Liebesroman oder Thriller, beliebter gemacht werden oder man geht einfach zur Post und verschickt sein fertiges Skript, dass dann in die Produktion geht.<\/p>\n<p>Damit nicht genug. Nun muss sich der Jungautor als erfolgreicher Gesch\u00e4ftsmann beweisen. Wird das Buch an einen Verlag verkauft oder produziere ich es selbst? Wie stimmt die Jury \u00fcber das Buch ab? und Kann ich mir einen Platz auf der Bestsellerliste, vielleicht sogar ganz oben, sichern? Viele Fragen, deren Antworten im Spiel gefunden werden. Dabei aber nicht den Nachschub an neuen B\u00fcchern vergessen!<\/p>\n","protected":false},"excerpt":{"rendered":"<p>Lybry ist mein \u00e4ltester Prototyp. In dem Spiel f\u00fcr 2-4 Spieler geht es darum, mittels Aktionspunkteinsatz, Auftr\u00e4ge f\u00fcr B\u00fccher zu bekommen, diese zu Schreiben und zu Verkaufen. Jeder Jungautor l\u00e4uft dabei durch das kleine Dorf Wei\u00dfenfels und versucht in der Bar an einen Aushilfsjob f\u00fcr das n\u00f6tige Kleingeld zu kommen, <span class=\"excerpt-dots\">&hellip;<\/span> <a class=\"more-link\" href=\"http:\/\/conradhamelspiel.de\/blog\/spiele\/lybry\/\"><span class=\"more-msg\">Weiterlesen &rarr;<\/span><\/a><\/p>\n","protected":false},"author":1,"featured_media":0,"parent":30,"menu_order":0,"comment_status":"closed","ping_status":"closed","template":"","meta":{"spay_email":""},"_links":{"self":[{"href":"http:\/\/conradhamelspiel.de\/blog\/wp-json\/wp\/v2\/pages\/157"}],"collection":[{"href":"http:\/\/conradhamelspiel.de\/blog\/wp-json\/wp\/v2\/pages"}],"about":[{"href":"http:\/\/conradhamelspiel.de\/blog\/wp-json\/wp\/v2\/types\/page"}],"author":[{"embeddable":true,"href":"http:\/\/conradhamelspiel.de\/blog\/wp-json\/wp\/v2\/users\/1"}],"replies":[{"embeddable":true,"href":"http:\/\/conradhamelspiel.de\/blog\/wp-json\/wp\/v2\/comments?post=157"}],"version-history":[{"count":3,"href":"http:\/\/conradhamelspiel.de\/blog\/wp-json\/wp\/v2\/pages\/157\/revisions"}],"predecessor-version":[{"id":178,"href":"http:\/\/conradhamelspiel.de\/blog\/wp-json\/wp\/v2\/pages\/157\/revisions\/178"}],"up":[{"embeddable":true,"href":"http:\/\/conradhamelspiel.de\/blog\/wp-json\/wp\/v2\/pages\/30"}],"wp:attachment":[{"href":"http:\/\/conradhamelspiel.de\/blog\/wp-json\/wp\/v2\/media?parent=157"}],"curies":[{"name":"wp","href":"https:\/\/api.w.org\/{rel}","templated":true}]}}