{"id":13,"date":"2016-04-06T22:06:56","date_gmt":"2016-04-06T20:06:56","guid":{"rendered":"http:\/\/conradhamelspiel.de\/blog\/?page_id=13"},"modified":"2020-05-15T22:50:15","modified_gmt":"2020-05-15T20:50:15","slug":"urgarion","status":"publish","type":"page","link":"http:\/\/conradhamelspiel.de\/blog\/spiele\/urgarion\/","title":{"rendered":"Urgarion"},"content":{"rendered":"<p>In Urgarion geht es darum, in der Welt Wiercans die Industrialisierung nachzuerleben. Jeder Spieler \u00fcbernimmt eine der sechs Hauptst\u00e4dte, deren Nationen eine Gro\u00dfmachtstellung haben und beginnt von dort aus seine Erkundung, Expansion, Erforschung, Entwicklung und Eroberung des Landes.<\/p>\n<p>Der Weg des Fortschritts ist das Ziel, bzw. gibt es mehrere Wege, die zum Ziel f\u00fchren k\u00f6nnen. Man kann seine Nation milit\u00e4risch, wirtschaftlich, diplomatisch, wissenschaftlich, kulturell, gesellschaftlich und\/oder politisch aus- und aufbauen. Nur eine geschickte Kombination all dessen l\u00e4sst deine Gro\u00dfmacht eine solche bleiben. Wage es nicht, deine Ressourcen zu vernachl\u00e4ssigen. Baue die richtigen Geb\u00e4ude zur rechten Zeit, vergiss die Forschung nicht und denk auch an den inneren und \u00e4u\u00dferen Frieden. Kultureller, diplomatischer und politischer Erfolg k\u00f6nnen davon abh\u00e4ngig sein. Nat\u00fcrlich kann das Milit\u00e4r noch eingreifen, aber wenn der Nachschub fehlt wird auch das schnell zu schwach.<\/p>\n<p>Urgarion ist ein Zivilisationsspiel, das in unter 2 Stunden spielbar ist, aber dennoch sehr komplex daher kommt.<\/p>\n<h3>Inhalt:<\/h3>\n<ul>\n<li>1 Spielanleitung<\/li>\n<li>12 Kartenteile<\/li>\n<li>1 Warenb\u00f6rse\/ Punktetafel<\/li>\n<li>6 Hauptstadttafeln<\/li>\n<li>197 Karten unterteilt in\n<ul>\n<li>120 Technologiekarten (6&#215;20)<\/li>\n<li>35 Handelskarten<\/li>\n<li>42 Kulturgeb\u00e4udekarten (6&#215;7)<\/li>\n<\/ul>\n<\/li>\n<li>261 Pl\u00e4ttchen unterteilt in\n<ul>\n<li>13 St\u00e4dte (6 Gro\u00dfm\u00e4chte und 7 neutrale St\u00e4dte)<\/li>\n<li>64 Gebirgspl\u00e4ttchen<\/li>\n<li>96 Ressourcenpl\u00e4ttchen<\/li>\n<li>38 Ressourcenmarker (+1\/+2 Holz, Wolle\/Nahrung, Kohle\/Erz)<\/li>\n<li>50 Koloniemarker<\/li>\n<\/ul>\n<\/li>\n<li>338 Holzmarker unterteilt in\n<ul>\n<li>18 D\u00f6rfer (6&#215;3)<\/li>\n<li>18 Schiffe (6&#215;3)<\/li>\n<li>72 Arbeiter (6&#215;10 + 12 neutrale)<\/li>\n<li>12 Stadtmarker (6&#215;2; doppelseitig Diplomatie\/Milit\u00e4r)<\/li>\n<li>72 Eroberungs-\/Handelsmarker (6&#215;12)<\/li>\n<li>54 Leistenanzeiger (6&#215;9)<\/li>\n<li>6 Nahrungsanzeiger<\/li>\n<li>6 \u00d6lanzeiger<\/li>\n<li>60 Schienen<\/li>\n<li>1 Startspielermarker<\/li>\n<li>1 Jahresanzeiger<\/li>\n<\/ul>\n<\/li>\n<li>1 Kampfw\u00fcrfel<\/li>\n<li>18 Armeew\u00fcrfel (6&#215;3)<\/li>\n<\/ul>\n<p>&nbsp;<\/p>\n<h3><strong>Ziel des Spieles:<\/strong><\/h3>\n<p>Urgarion l\u00e4sst sich auf mehreren Wegen gewinnen:<\/p>\n<ul>\n<li>Diplomatischer Sieg: 2 St\u00e4dte friedlich \u00fcbernehmen (Start 0 St\u00e4dte)<\/li>\n<li>Gesellschaftlicher Sieg: 3 gro\u00dfe K\u00fcnstler\/ gro\u00dfe Wissenschaftler (gr\u00fcn)<\/li>\n<li>Glorreicher Sieg: 5 gro\u00dfe Pers\u00f6nlichkeiten (max. 2 in einer Farbe)<\/li>\n<li>Imperialistischer Sieg: 6 Kolonien eingenommen (Start 0 Kolonien)<\/li>\n<li>Industrieller Sieg: 3 gro\u00dfe Pioniere (rot)<\/li>\n<li>Kultureller Sieg: 18 Kulturpunkte (Start 6 Kulturpunkte)<\/li>\n<li>Milit\u00e4rischer Sieg: 2 neutrale St\u00e4dte erobern\/ 1 gegnerische Hauptstadt erobern (Start 0 St\u00e4dte)<\/li>\n<li>Politischer Sieg: Die meisten gro\u00dfen Politiker nach 15 Jahren<\/li>\n<li>Wirtschaftlicher Sieg: 10 Handelspunkte (Start 2 Handelspunkte)<\/li>\n<li>Wissenschaftlicher Sieg: 20 Wissenspunkte (Start 7 Wissenspunkte)<\/li>\n<\/ul>\n","protected":false},"excerpt":{"rendered":"<p>In Urgarion geht es darum, in der Welt Wiercans die Industrialisierung nachzuerleben. Jeder Spieler \u00fcbernimmt eine der sechs Hauptst\u00e4dte, deren Nationen eine Gro\u00dfmachtstellung haben und beginnt von dort aus seine Erkundung, Expansion, Erforschung, Entwicklung und Eroberung des Landes. Der Weg des Fortschritts ist das Ziel, bzw. gibt es mehrere Wege, <span class=\"excerpt-dots\">&hellip;<\/span> <a class=\"more-link\" href=\"http:\/\/conradhamelspiel.de\/blog\/spiele\/urgarion\/\"><span class=\"more-msg\">Weiterlesen &rarr;<\/span><\/a><\/p>\n","protected":false},"author":1,"featured_media":0,"parent":30,"menu_order":0,"comment_status":"closed","ping_status":"closed","template":"","meta":{"spay_email":""},"_links":{"self":[{"href":"http:\/\/conradhamelspiel.de\/blog\/wp-json\/wp\/v2\/pages\/13"}],"collection":[{"href":"http:\/\/conradhamelspiel.de\/blog\/wp-json\/wp\/v2\/pages"}],"about":[{"href":"http:\/\/conradhamelspiel.de\/blog\/wp-json\/wp\/v2\/types\/page"}],"author":[{"embeddable":true,"href":"http:\/\/conradhamelspiel.de\/blog\/wp-json\/wp\/v2\/users\/1"}],"replies":[{"embeddable":true,"href":"http:\/\/conradhamelspiel.de\/blog\/wp-json\/wp\/v2\/comments?post=13"}],"version-history":[{"count":7,"href":"http:\/\/conradhamelspiel.de\/blog\/wp-json\/wp\/v2\/pages\/13\/revisions"}],"predecessor-version":[{"id":220,"href":"http:\/\/conradhamelspiel.de\/blog\/wp-json\/wp\/v2\/pages\/13\/revisions\/220"}],"up":[{"embeddable":true,"href":"http:\/\/conradhamelspiel.de\/blog\/wp-json\/wp\/v2\/pages\/30"}],"wp:attachment":[{"href":"http:\/\/conradhamelspiel.de\/blog\/wp-json\/wp\/v2\/media?parent=13"}],"curies":[{"name":"wp","href":"https:\/\/api.w.org\/{rel}","templated":true}]}}